{"id":1949,"date":"2022-08-25T13:35:23","date_gmt":"2022-08-25T18:35:23","guid":{"rendered":"https:\/\/amatibox.com\/?page_id=1949"},"modified":"2022-08-25T13:35:23","modified_gmt":"2022-08-25T18:35:23","slug":"politica-de-cancelacion","status":"publish","type":"page","link":"https:\/\/amatibox.com\/en\/politica-de-cancelacion\/","title":{"rendered":"Cancellation Policy"},"content":{"rendered":"<h2>Cancellation Policy<\/h2>\n<p>Si se cancela el evento:<br \/>\n+48 horas antes de los env\u00edos*, no se cobra penalizaci\u00f3n<br \/>\n-48h +24h antes de los env\u00edos*, se cobra el 50% de penalizaci\u00f3n de la facturaci\u00f3n total<br \/>\n-24h antes de los env\u00edos*, se cobra 100% de penalizaci\u00f3n de la facturaci\u00f3n total<br \/>\n*Si un evento a\u00fan no est\u00e1 100% confirmado favor de notificar al menos 48 h antes del evento.<\/p>","protected":false},"excerpt":{"rendered":"<p>Pol\u00edtica de Cancelaci\u00f3n Si se cancela el evento: +48 horas antes de los env\u00edos*, no se cobra penalizaci\u00f3n -48h +24h antes de los env\u00edos*, se cobra el 50% de penalizaci\u00f3n de la facturaci\u00f3n total -24h antes de los env\u00edos*, se cobra 100% de penalizaci\u00f3n de la facturaci\u00f3n total *Si un evento a\u00fan no est\u00e1 100% [&hellip;]<\/p>\n","protected":false},"author":1,"featured_media":0,"parent":0,"menu_order":0,"comment_status":"closed","ping_status":"closed","template":"","meta":{"_acf_changed":false,"footnotes":""},"class_list":["post-1949","page","type-page","status-publish","hentry"],"acf":[],"yoast_head":"<!-- This site is optimized with the Yoast SEO plugin v27.1.1 - https:\/\/yoast.com\/product\/yoast-seo-wordpress\/ -->\n<title>Pol\u00edtica de Cancelaci\u00f3n - AMATI BOX<\/title>\n<meta name=\"robots\" content=\"index, follow, max-snippet:-1, max-image-preview:large, max-video-preview:-1\" \/>\n<link rel=\"canonical\" href=\"https:\/\/amatibox.com\/en\/politica-de-cancelacion\/\" \/>\n<meta property=\"og:locale\" content=\"en_US\" \/>\n<meta property=\"og:type\" content=\"article\" \/>\n<meta property=\"og:title\" content=\"Pol\u00edtica de Cancelaci\u00f3n - AMATI BOX\" \/>\n<meta property=\"og:description\" content=\"Pol\u00edtica de Cancelaci\u00f3n Si se cancela el evento: +48 horas antes de los env\u00edos*, no se cobra penalizaci\u00f3n -48h +24h antes de los env\u00edos*, se cobra el 50% de penalizaci\u00f3n de la facturaci\u00f3n total -24h antes de los env\u00edos*, se cobra 100% de penalizaci\u00f3n de la facturaci\u00f3n total *Si un evento a\u00fan no est\u00e1 100% [&hellip;]\" \/>\n<meta property=\"og:url\" content=\"https:\/\/amatibox.com\/en\/politica-de-cancelacion\/\" \/>\n<meta property=\"og:site_name\" content=\"AMATI BOX\" \/>\n<meta name=\"twitter:card\" content=\"summary_large_image\" \/>\n<meta name=\"twitter:label1\" content=\"Est. reading time\" \/>\n\t<meta name=\"twitter:data1\" content=\"1 minute\" \/>\n<script type=\"application\/ld+json\" class=\"yoast-schema-graph\">{\"@context\":\"https:\/\/schema.org\",\"@graph\":[{\"@type\":\"WebPage\",\"@id\":\"https:\/\/amatibox.com\/politica-de-cancelacion\/\",\"url\":\"https:\/\/amatibox.com\/politica-de-cancelacion\/\",\"name\":\"Pol\u00edtica de Cancelaci\u00f3n - AMATI BOX\",\"isPartOf\":{\"@id\":\"https:\/\/amatibox.com\/#website\"},\"datePublished\":\"2022-08-25T18:35:23+00:00\",\"breadcrumb\":{\"@id\":\"https:\/\/amatibox.com\/politica-de-cancelacion\/#breadcrumb\"},\"inLanguage\":\"en-US\",\"potentialAction\":[{\"@type\":\"ReadAction\",\"target\":[\"https:\/\/amatibox.com\/politica-de-cancelacion\/\"]}]},{\"@type\":\"BreadcrumbList\",\"@id\":\"https:\/\/amatibox.com\/politica-de-cancelacion\/#breadcrumb\",\"itemListElement\":[{\"@type\":\"ListItem\",\"position\":1,\"name\":\"Portada\",\"item\":\"https:\/\/amatibox.com\/\"},{\"@type\":\"ListItem\",\"position\":2,\"name\":\"Pol\u00edtica de Cancelaci\u00f3n\"}]},{\"@type\":\"WebSite\",\"@id\":\"https:\/\/amatibox.com\/#website\",\"url\":\"https:\/\/amatibox.com\/\",\"name\":\"AMATI BOX\",\"description\":\"Servicio de Box Lunch para corporativos\",\"publisher\":{\"@id\":\"https:\/\/amatibox.com\/#organization\"},\"potentialAction\":[{\"@type\":\"SearchAction\",\"target\":{\"@type\":\"EntryPoint\",\"urlTemplate\":\"https:\/\/amatibox.com\/?s={search_term_string}\"},\"query-input\":{\"@type\":\"PropertyValueSpecification\",\"valueRequired\":true,\"valueName\":\"search_term_string\"}}],\"inLanguage\":\"en-US\"},{\"@type\":\"Organization\",\"@id\":\"https:\/\/amatibox.com\/#organization\",\"name\":\"AMATI BOX\",\"url\":\"https:\/\/amatibox.com\/\",\"logo\":{\"@type\":\"ImageObject\",\"inLanguage\":\"en-US\",\"@id\":\"https:\/\/amatibox.com\/#\/schema\/logo\/image\/\",\"url\":\"https:\/\/i0.wp.com\/amatibox.com\/wp-content\/uploads\/2019\/03\/AMATIBOXLOGO-pjbhklaf23oiwcd8s8kocbvzv2u3fj4n6kj6q5nwgg.png?fit=1000%2C1000&ssl=1\",\"contentUrl\":\"https:\/\/i0.wp.com\/amatibox.com\/wp-content\/uploads\/2019\/03\/AMATIBOXLOGO-pjbhklaf23oiwcd8s8kocbvzv2u3fj4n6kj6q5nwgg.png?fit=1000%2C1000&ssl=1\",\"width\":1000,\"height\":1000,\"caption\":\"AMATI BOX\"},\"image\":{\"@id\":\"https:\/\/amatibox.com\/#\/schema\/logo\/image\/\"}}]}<\/script>\n<!-- \/ Yoast SEO plugin. -->","yoast_head_json":{"title":"Pol\u00edtica de Cancelaci\u00f3n - AMATI BOX","robots":{"index":"index","follow":"follow","max-snippet":"max-snippet:-1","max-image-preview":"max-image-preview:large","max-video-preview":"max-video-preview:-1"},"canonical":"https:\/\/amatibox.com\/en\/politica-de-cancelacion\/","og_locale":"en_US","og_type":"article","og_title":"Pol\u00edtica de Cancelaci\u00f3n - AMATI BOX","og_description":"Pol\u00edtica de Cancelaci\u00f3n Si se cancela el evento: +48 horas antes de los env\u00edos*, no se cobra penalizaci\u00f3n -48h +24h antes de los env\u00edos*, se cobra el 50% de penalizaci\u00f3n de la facturaci\u00f3n total -24h antes de los env\u00edos*, se cobra 100% de penalizaci\u00f3n de la facturaci\u00f3n total *Si un evento a\u00fan no est\u00e1 100% [&hellip;]","og_url":"https:\/\/amatibox.com\/en\/politica-de-cancelacion\/","og_site_name":"AMATI BOX","twitter_card":"summary_large_image","twitter_misc":{"Est. reading time":"1 minute"},"schema":{"@context":"https:\/\/schema.org","@graph":[{"@type":"WebPage","@id":"https:\/\/amatibox.com\/politica-de-cancelacion\/","url":"https:\/\/amatibox.com\/politica-de-cancelacion\/","name":"Pol\u00edtica de Cancelaci\u00f3n - AMATI BOX","isPartOf":{"@id":"https:\/\/amatibox.com\/#website"},"datePublished":"2022-08-25T18:35:23+00:00","breadcrumb":{"@id":"https:\/\/amatibox.com\/politica-de-cancelacion\/#breadcrumb"},"inLanguage":"en-US","potentialAction":[{"@type":"ReadAction","target":["https:\/\/amatibox.com\/politica-de-cancelacion\/"]}]},{"@type":"BreadcrumbList","@id":"https:\/\/amatibox.com\/politica-de-cancelacion\/#breadcrumb","itemListElement":[{"@type":"ListItem","position":1,"name":"Portada","item":"https:\/\/amatibox.com\/"},{"@type":"ListItem","position":2,"name":"Pol\u00edtica de Cancelaci\u00f3n"}]},{"@type":"WebSite","@id":"https:\/\/amatibox.com\/#website","url":"https:\/\/amatibox.com\/","name":"AMATI BOX","description":"Servicio de Box Lunch para corporativos","publisher":{"@id":"https:\/\/amatibox.com\/#organization"},"potentialAction":[{"@type":"SearchAction","target":{"@type":"EntryPoint","urlTemplate":"https:\/\/amatibox.com\/?s={search_term_string}"},"query-input":{"@type":"PropertyValueSpecification","valueRequired":true,"valueName":"search_term_string"}}],"inLanguage":"en-US"},{"@type":"Organization","@id":"https:\/\/amatibox.com\/#organization","name":"AMATI BOX","url":"https:\/\/amatibox.com\/","logo":{"@type":"ImageObject","inLanguage":"en-US","@id":"https:\/\/amatibox.com\/#\/schema\/logo\/image\/","url":"https:\/\/i0.wp.com\/amatibox.com\/wp-content\/uploads\/2019\/03\/AMATIBOXLOGO-pjbhklaf23oiwcd8s8kocbvzv2u3fj4n6kj6q5nwgg.png?fit=1000%2C1000&ssl=1","contentUrl":"https:\/\/i0.wp.com\/amatibox.com\/wp-content\/uploads\/2019\/03\/AMATIBOXLOGO-pjbhklaf23oiwcd8s8kocbvzv2u3fj4n6kj6q5nwgg.png?fit=1000%2C1000&ssl=1","width":1000,"height":1000,"caption":"AMATI BOX"},"image":{"@id":"https:\/\/amatibox.com\/#\/schema\/logo\/image\/"}}]}},"jetpack_sharing_enabled":true,"_links":{"self":[{"href":"https:\/\/amatibox.com\/en\/wp-json\/wp\/v2\/pages\/1949","targetHints":{"allow":["GET"]}}],"collection":[{"href":"https:\/\/amatibox.com\/en\/wp-json\/wp\/v2\/pages"}],"about":[{"href":"https:\/\/amatibox.com\/en\/wp-json\/wp\/v2\/types\/page"}],"author":[{"embeddable":true,"href":"https:\/\/amatibox.com\/en\/wp-json\/wp\/v2\/users\/1"}],"replies":[{"embeddable":true,"href":"https:\/\/amatibox.com\/en\/wp-json\/wp\/v2\/comments?post=1949"}],"version-history":[{"count":0,"href":"https:\/\/amatibox.com\/en\/wp-json\/wp\/v2\/pages\/1949\/revisions"}],"wp:attachment":[{"href":"https:\/\/amatibox.com\/en\/wp-json\/wp\/v2\/media?parent=1949"}],"curies":[{"name":"wp","href":"https:\/\/api.w.org\/{rel}","templated":true}]}}