{"id":110,"date":"2021-06-17T02:56:26","date_gmt":"2021-06-17T02:56:26","guid":{"rendered":"http:\/\/amatibox.com\/?page_id=110"},"modified":"2024-07-12T14:08:21","modified_gmt":"2024-07-12T20:08:21","slug":"faqs","status":"publish","type":"page","link":"https:\/\/amatibox.com\/en\/faqs\/","title":{"rendered":"FAQ"},"content":{"rendered":"\t\t<div data-elementor-type=\"wp-page\" data-elementor-id=\"110\" class=\"elementor elementor-110\" data-elementor-post-type=\"page\">\n\t\t\t\t\t\t<section class=\"elementor-section elementor-top-section elementor-element elementor-element-0540473 elementor-section-height-min-height elementor-section-boxed elementor-section-height-default elementor-section-items-middle\" data-id=\"0540473\" data-element_type=\"section\" data-e-type=\"section\" data-settings=\"{&quot;jet_parallax_layout_list&quot;:[{&quot;jet_parallax_layout_image&quot;:{&quot;url&quot;:&quot;&quot;,&quot;id&quot;:&quot;&quot;,&quot;size&quot;:&quot;&quot;},&quot;_id&quot;:&quot;1e2b002&quot;,&quot;jet_parallax_layout_speed&quot;:{&quot;unit&quot;:&quot;%&quot;,&quot;size&quot;:&quot;50&quot;,&quot;sizes&quot;:[]},&quot;jet_parallax_layout_bg_x&quot;:&quot;50&quot;,&quot;jet_parallax_layout_bg_y&quot;:&quot;50&quot;,&quot;jet_parallax_layout_image_tablet&quot;:{&quot;url&quot;:&quot;&quot;,&quot;id&quot;:&quot;&quot;,&quot;size&quot;:&quot;&quot;},&quot;jet_parallax_layout_image_mobile&quot;:{&quot;url&quot;:&quot;&quot;,&quot;id&quot;:&quot;&quot;,&quot;size&quot;:&quot;&quot;},&quot;jet_parallax_layout_type&quot;:&quot;scroll&quot;,&quot;jet_parallax_layout_direction&quot;:&quot;1&quot;,&quot;jet_parallax_layout_fx_direction&quot;:null,&quot;jet_parallax_layout_z_index&quot;:&quot;&quot;,&quot;jet_parallax_layout_bg_x_tablet&quot;:&quot;&quot;,&quot;jet_parallax_layout_bg_x_mobile&quot;:&quot;&quot;,&quot;jet_parallax_layout_bg_y_tablet&quot;:&quot;&quot;,&quot;jet_parallax_layout_bg_y_mobile&quot;:&quot;&quot;,&quot;jet_parallax_layout_bg_size&quot;:&quot;auto&quot;,&quot;jet_parallax_layout_bg_size_tablet&quot;:&quot;&quot;,&quot;jet_parallax_layout_bg_size_mobile&quot;:&quot;&quot;,&quot;jet_parallax_layout_animation_prop&quot;:&quot;transform&quot;,&quot;jet_parallax_layout_on&quot;:[&quot;desktop&quot;,&quot;tablet&quot;]}],&quot;background_background&quot;:&quot;classic&quot;}\">\n\t\t\t\t\t\t\t<div class=\"elementor-background-overlay\"><\/div>\n\t\t\t\t\t\t\t<div class=\"elementor-container elementor-column-gap-no\">\n\t\t\t\t\t<div class=\"elementor-column elementor-col-100 elementor-top-column elementor-element elementor-element-d193a21\" data-id=\"d193a21\" data-element_type=\"column\" data-e-type=\"column\">\n\t\t\t<div class=\"elementor-widget-wrap elementor-element-populated\">\n\t\t\t\t\t\t<div class=\"elementor-element elementor-element-9a98d49 elementor-widget elementor-widget-spacer\" data-id=\"9a98d49\" data-element_type=\"widget\" data-e-type=\"widget\" data-widget_type=\"spacer.default\">\n\t\t\t\t<div class=\"elementor-widget-container\">\n\t\t\t\t\t\t\t<div class=\"elementor-spacer\">\n\t\t\t<div class=\"elementor-spacer-inner\"><\/div>\n\t\t<\/div>\n\t\t\t\t\t\t<\/div>\n\t\t\t\t<\/div>\n\t\t\t\t<div class=\"elementor-element elementor-element-992491a elementor-widget elementor-widget-heading\" data-id=\"992491a\" data-element_type=\"widget\" data-e-type=\"widget\" data-widget_type=\"heading.default\">\n\t\t\t\t<div class=\"elementor-widget-container\">\n\t\t\t\t\t<h1 class=\"elementor-heading-title elementor-size-default\">SERVICIO DE CATERING<br>\n<small>EN CAJAS PREMIUM<\/small>\n<\/h1>\t\t\t\t<\/div>\n\t\t\t\t<\/div>\n\t\t\t\t<div class=\"elementor-element elementor-element-dd567fb elementor-widget elementor-widget-heading\" data-id=\"dd567fb\" data-element_type=\"widget\" data-e-type=\"widget\" data-widget_type=\"heading.default\">\n\t\t\t\t<div class=\"elementor-widget-container\">\n\t\t\t\t\t<h2 class=\"elementor-heading-title elementor-size-default\">Preguntas frecuentes AMATI box\n<\/h2>\t\t\t\t<\/div>\n\t\t\t\t<\/div>\n\t\t\t\t\t<\/div>\n\t\t<\/div>\n\t\t\t\t\t<\/div>\n\t\t<\/section>\n\t\t\t\t<section class=\"elementor-section elementor-top-section elementor-element elementor-element-16de7f6a elementor-section-boxed elementor-section-height-default elementor-section-height-default\" data-id=\"16de7f6a\" data-element_type=\"section\" data-e-type=\"section\" data-settings=\"{&quot;jet_parallax_layout_list&quot;:[{&quot;jet_parallax_layout_image&quot;:{&quot;url&quot;:&quot;&quot;,&quot;id&quot;:&quot;&quot;,&quot;size&quot;:&quot;&quot;},&quot;_id&quot;:&quot;4295f08&quot;,&quot;jet_parallax_layout_image_tablet&quot;:{&quot;url&quot;:&quot;&quot;,&quot;id&quot;:&quot;&quot;,&quot;size&quot;:&quot;&quot;},&quot;jet_parallax_layout_image_mobile&quot;:{&quot;url&quot;:&quot;&quot;,&quot;id&quot;:&quot;&quot;,&quot;size&quot;:&quot;&quot;},&quot;jet_parallax_layout_speed&quot;:{&quot;unit&quot;:&quot;%&quot;,&quot;size&quot;:50,&quot;sizes&quot;:[]},&quot;jet_parallax_layout_type&quot;:&quot;scroll&quot;,&quot;jet_parallax_layout_direction&quot;:&quot;1&quot;,&quot;jet_parallax_layout_fx_direction&quot;:null,&quot;jet_parallax_layout_z_index&quot;:&quot;&quot;,&quot;jet_parallax_layout_bg_x&quot;:50,&quot;jet_parallax_layout_bg_x_tablet&quot;:&quot;&quot;,&quot;jet_parallax_layout_bg_x_mobile&quot;:&quot;&quot;,&quot;jet_parallax_layout_bg_y&quot;:50,&quot;jet_parallax_layout_bg_y_tablet&quot;:&quot;&quot;,&quot;jet_parallax_layout_bg_y_mobile&quot;:&quot;&quot;,&quot;jet_parallax_layout_bg_size&quot;:&quot;auto&quot;,&quot;jet_parallax_layout_bg_size_tablet&quot;:&quot;&quot;,&quot;jet_parallax_layout_bg_size_mobile&quot;:&quot;&quot;,&quot;jet_parallax_layout_animation_prop&quot;:&quot;transform&quot;,&quot;jet_parallax_layout_on&quot;:[&quot;desktop&quot;,&quot;tablet&quot;]}]}\">\n\t\t\t\t\t\t<div class=\"elementor-container elementor-column-gap-default\">\n\t\t\t\t\t<div class=\"elementor-column elementor-col-100 elementor-top-column elementor-element elementor-element-346090cd\" data-id=\"346090cd\" data-element_type=\"column\" data-e-type=\"column\">\n\t\t\t<div class=\"elementor-widget-wrap elementor-element-populated\">\n\t\t\t\t\t\t<div class=\"elementor-element elementor-element-2d07a553 elementor-widget elementor-widget-text-editor\" data-id=\"2d07a553\" data-element_type=\"widget\" data-e-type=\"widget\" data-widget_type=\"text-editor.default\">\n\t\t\t\t<div class=\"elementor-widget-container\">\n\t\t\t\t\t\t\t\t\t<h4 style=\"text-align: left;\">\u00bfQu\u00e9 tipo de servicio ofrecen?<\/h4>\n<p style=\"text-align: left;\">En AMATI ofrecemos experiencias gourmet a trav\u00e9s un servicio de box premium para tus eventos. Nuestro cat\u00e1logo de productos incluye una amplia gama de productos, todos en cajas biodegradables de cart\u00f3n premium, para<\/p>\n<ul>\n<li style=\"text-align: left;\">Desayuno<\/li>\n<li style=\"text-align: left;\">Comida<\/li>\n<li style=\"text-align: left;\">Box de regalo<\/li>\n<li style=\"text-align: left;\">Coffee break<\/li>\n<li style=\"text-align: left;\">Comedor corporativo<\/li>\n<\/ul>\n<p>En AMATI innovamos el servicio de catering y lo transformamos en un formato practico y amigable con el ambiente. Prep\u00e1rate para recibir un servicio diferente, pero con mayores beneficios. <br \/>Contamos con lunchbox de diversos formatos para desayunos o comidas, otros ideales para un coffee break y sorpr\u00e9ndete con nuestros regalos corporativos ideales para colaboradores, clientes o proveedores.<\/p>\n<p>\u00a0<\/p>\n<h4 style=\"text-align: left;\">\u00bfQu\u00e9 tipo de eventos realizan?<\/h4>\n<p style=\"text-align: left;\">Realizamos eventos presenciales, virtuales e h\u00edbridos, para empresas, corporativos grandes e instituciones.<\/p>\n<p style=\"text-align: left;\">\u00a0<\/p>\n<h4 style=\"text-align: left;\">\u00bfD\u00f3nde est\u00e1n ubicados?<\/h4>\n<p style=\"text-align: left;\">Entregamos en todo el pa\u00eds.<br \/>Tenemos sedes f\u00edsicas en CDMX, Monterrey, Quer\u00e9taro y Guadalajara.<\/p>\n<p style=\"text-align: left;\">\u00a0<\/p>\n<h4 style=\"text-align: left;\">\u00bfEntregan en diferentes partes de la Rep\u00fablica?<\/h4>\n<p style=\"text-align: left;\">Contamos con entrega en toda la Rep\u00fablica Mexicana y a m\u00faltiples destinos al mismo momento. AMATI trabaja con socios de mensajer\u00eda y paqueter\u00eda express en todo el pa\u00eds. Cont\u00e1ctanos para explicarte m\u00e1s a detalle nuestros procesos y locaciones de entrega de for\u00e1neos.<\/p>\n<p style=\"text-align: left;\">\u00a0<\/p>\n<h4 style=\"text-align: left;\">\u00bfCu\u00e1l es el tiempo de entrega?<\/h4>\n<p style=\"text-align: left;\">Para la CDMX, Monterrey, Quer\u00e9taro, Guadalajara y \u00e1reas metropolitanas: la entrega es el mismo d\u00eda y en el horario que solicites tu servicio (excepto en zonas remotas).<br \/>Para entregas fuera de CDMX: El tiempo de entrega aproximado de nuestros productos es de 1-2 d\u00edas dependiendo del lugar de entrega, si son fuera de zona tardan m\u00e1s.<\/p>\n<p style=\"text-align: left;\">\u00a0<\/p>\n<h3 style=\"text-align: left;\">\u00bfCu\u00e1l es el precio de una entrega?<\/h3>\n<p style=\"text-align: left;\">El precio de entrega se determina por tu c\u00f3digo postal y varia seg\u00fan la cantidad de box y de la ubicaci\u00f3n de entrega, pero tenemos precios que van desde los 250 hasta los 800. <br \/>El costo de entrega para los for\u00e1neos depende de la zona.<\/p>\n<p style=\"text-align: left;\">\u00a0<\/p>\n<h4 style=\"text-align: left;\">\u00bfSe pueden personalizar sus cajas?<\/h4>\n<p style=\"text-align: left;\">Ofrecemos agregar con una etiqueta en papel Kraft biodegradable el logo y nombre de tu empresa en el empaque, asi como la opci\u00f3n de incorporarlos en algunos productos dentro del box, adem\u00e1s brindamos la opci\u00f3n de a\u00f1adir una nota personalizada.<\/p>\n<p style=\"text-align: left;\">\u00a0<\/p>\n<h4 style=\"text-align: left;\">\u00bfD\u00f3nde puedo ver sus formatos?<\/h4>\n<p style=\"text-align: left;\">Nuestro catalogo est\u00e1 disponible en nuestra pagina web en la siguiente liga: <br \/>www.amatibox.com<\/p>\n<p style=\"text-align: left;\">\u00a0<\/p>\n<h4 style=\"text-align: left;\">\u00bfQu\u00e9 tipo de alimentos usan?<\/h4>\n<p style=\"text-align: left;\">Todos nuestros ingredientes son frescos y cuidadosamente seleccionados de proveedores locales, tenemos recetas para todo tipo de gustos y restricciones alimenticias.<\/p>\n<p style=\"text-align: left;\">\u00a0<\/p>\n<h4 style=\"text-align: left;\">\u00bfCon qu\u00e9 certificaciones cuentan?<\/h4>\n<p style=\"text-align: left;\">Contamos con el distintivo H que nos da los m\u00e1s altos est\u00e1ndares de calidad y de higiene; y estamos en proceso de certificacion HCAPP.<br \/>En cuanto a sostenilidad empresarial (SRE), contamos con la medalla de ECOVADIS.<\/p>\n<p style=\"text-align: left;\">\u00a0<\/p>\n<h4 style=\"text-align: left;\">\u00bfPodemos cambiar productos o ingredientes de los box?<\/h4>\n<p style=\"text-align: left;\">S\u00ed, con algunas restricciones, no maneamos pescados ni carnes rojas.<\/p>\n<p style=\"text-align: left;\">\u00a0<\/p>\n<h4 style=\"text-align: left;\">\u00bfC\u00f3mo se env\u00eda mi pedido si es fuera de la ciudad y c\u00f3mo son sus m\u00e9todos de conservaci\u00f3n?<\/h4>\n<p style=\"text-align: left;\">Los alimentos se env\u00edan por paqueter\u00eda expreses con una se\u00f1alizaci\u00f3n de fr\u00e1gil y se empacan al alto vac\u00edo para mayor duraci\u00f3n y conservaci\u00f3n.<\/p>\n<h4 style=\"text-align: left;\">\u00a0<\/h4>\n<h4 style=\"text-align: left;\">\u00bfCu\u00e1l es la cantidad m\u00ednima que puedo pedir?<\/h4>\n<p style=\"text-align: left;\">El pedido m\u00ednimo para lunchbox es 3, cajas de coffee break 2 y giftbox 3.<\/p>\n<p style=\"text-align: left;\">\u00a0<\/p>\n<h4 style=\"text-align: left;\">\u00bfCon cu\u00e1nto tiempo de anticipaci\u00f3n tengo que hacer mi pedido?<\/h4>\n<p style=\"text-align: left;\">Para env\u00edos en CDMX, Quer\u00e9taro, Guadalajara y Monterrey, al menos 48 h antes. Para env\u00edos for\u00e1neos, al menos con unos 3-4 d\u00edas de anticipaci\u00f3n.<\/p>\n<p style=\"text-align: left;\">\u00a0<\/p>\n<h4 style=\"text-align: left;\">\u00bfD\u00f3nde puedo realizar mi pedido?<\/h4>\n<p style=\"text-align: left;\">En nuestro sitio web \u2013 www.amatibox.com , v\u00eda WhatsApp &#8211; 5580285250 o por email ventas@amatibox.com<\/p>\n<p style=\"text-align: left;\">\u00a0<\/p>\n<h4 style=\"text-align: left;\">\u00bfC\u00f3mo puedo realizar el pago?<\/h4>\n<p style=\"text-align: left;\">En efectivo, transferencia, con tarjeta de cr\u00e9dito mediante un link de pago y en efectivo contra entrega.<\/p>\n<p style=\"text-align: left;\">\u00a0<\/p>\n<h4 style=\"text-align: left;\">\u00bfC\u00f3mo funciona el link de pago?<\/h4>\n<p style=\"text-align: left;\">Necesitamos el nombre del titular de la tarjeta bancaria, se cobra un 3% de comisi\u00f3n y se te env\u00eda un link de pago virtual.<\/p>\n<p style=\"text-align: left;\">\u00a0<\/p>\n<h4 style=\"text-align: left;\">\u00bfPuedo solicitar factura?<\/h4>\n<p style=\"text-align: left;\">Si, realizamos facturas de cualquier pedido y puedes realizarla desde nuestro portal de facturaci\u00f3n.<\/p>\n<p style=\"text-align: left;\">\u00a0<\/p>\n<h4 style=\"text-align: left;\">\u00bfTienen redes sociales?<\/h4>\n<p style=\"text-align: left;\">Si, nos encuentras en:<br \/>Facebook: AMATIbox<br \/>Instagram: Amati_box<br \/>LinkedIn: AMATI box<br \/>Pinterest AMATI box<\/p>\n<p style=\"text-align: left;\">\u00a0<\/p>\t\t\t\t\t\t\t\t<\/div>\n\t\t\t\t<\/div>\n\t\t\t\t\t<\/div>\n\t\t<\/div>\n\t\t\t\t\t<\/div>\n\t\t<\/section>\n\t\t\t\t<\/div>\n\t\t","protected":false},"excerpt":{"rendered":"<p>SERVICIO DE CATERING EN CAJAS PREMIUM Preguntas frecuentes AMATI box \u00bfQu\u00e9 tipo de servicio ofrecen? En AMATI ofrecemos experiencias gourmet a trav\u00e9s un servicio de box premium para tus eventos. Nuestro cat\u00e1logo de productos incluye una amplia gama de productos, todos en cajas biodegradables de cart\u00f3n premium, para Desayuno Comida Box de regalo Coffee break [&hellip;]<\/p>\n","protected":false},"author":8,"featured_media":0,"parent":0,"menu_order":0,"comment_status":"closed","ping_status":"closed","template":"full-width.php","meta":{"_acf_changed":false,"footnotes":""},"class_list":["post-110","page","type-page","status-publish","hentry"],"acf":[],"yoast_head":"<!-- This site is optimized with the Yoast SEO plugin v27.1.1 - https:\/\/yoast.com\/product\/yoast-seo-wordpress\/ -->\n<title>FAQ\u00b4s - AMATI BOX<\/title>\n<meta name=\"robots\" content=\"index, follow, max-snippet:-1, max-image-preview:large, max-video-preview:-1\" \/>\n<link rel=\"canonical\" href=\"https:\/\/amatibox.com\/en\/faqs\/\" \/>\n<meta property=\"og:locale\" content=\"en_US\" \/>\n<meta property=\"og:type\" content=\"article\" \/>\n<meta property=\"og:title\" content=\"FAQ\u00b4s - AMATI BOX\" \/>\n<meta property=\"og:description\" content=\"SERVICIO DE CATERING EN CAJAS PREMIUM Preguntas frecuentes AMATI box \u00bfQu\u00e9 tipo de servicio ofrecen? En AMATI ofrecemos experiencias gourmet a trav\u00e9s un servicio de box premium para tus eventos. Nuestro cat\u00e1logo de productos incluye una amplia gama de productos, todos en cajas biodegradables de cart\u00f3n premium, para Desayuno Comida Box de regalo Coffee break [&hellip;]\" \/>\n<meta property=\"og:url\" content=\"https:\/\/amatibox.com\/en\/faqs\/\" \/>\n<meta property=\"og:site_name\" content=\"AMATI BOX\" \/>\n<meta property=\"article:modified_time\" content=\"2024-07-12T20:08:21+00:00\" \/>\n<meta name=\"twitter:card\" content=\"summary_large_image\" \/>\n<meta name=\"twitter:label1\" content=\"Est. reading time\" \/>\n\t<meta name=\"twitter:data1\" content=\"4 minutes\" \/>\n<script type=\"application\/ld+json\" class=\"yoast-schema-graph\">{\"@context\":\"https:\/\/schema.org\",\"@graph\":[{\"@type\":\"WebPage\",\"@id\":\"https:\/\/amatibox.com\/faqs\/\",\"url\":\"https:\/\/amatibox.com\/faqs\/\",\"name\":\"FAQ\u00b4s - AMATI BOX\",\"isPartOf\":{\"@id\":\"https:\/\/amatibox.com\/#website\"},\"datePublished\":\"2021-06-17T02:56:26+00:00\",\"dateModified\":\"2024-07-12T20:08:21+00:00\",\"breadcrumb\":{\"@id\":\"https:\/\/amatibox.com\/faqs\/#breadcrumb\"},\"inLanguage\":\"en-US\",\"potentialAction\":[{\"@type\":\"ReadAction\",\"target\":[\"https:\/\/amatibox.com\/faqs\/\"]}]},{\"@type\":\"BreadcrumbList\",\"@id\":\"https:\/\/amatibox.com\/faqs\/#breadcrumb\",\"itemListElement\":[{\"@type\":\"ListItem\",\"position\":1,\"name\":\"Portada\",\"item\":\"https:\/\/amatibox.com\/\"},{\"@type\":\"ListItem\",\"position\":2,\"name\":\"FAQ\u00b4s\"}]},{\"@type\":\"WebSite\",\"@id\":\"https:\/\/amatibox.com\/#website\",\"url\":\"https:\/\/amatibox.com\/\",\"name\":\"AMATI BOX\",\"description\":\"Servicio de Box Lunch para corporativos\",\"publisher\":{\"@id\":\"https:\/\/amatibox.com\/#organization\"},\"potentialAction\":[{\"@type\":\"SearchAction\",\"target\":{\"@type\":\"EntryPoint\",\"urlTemplate\":\"https:\/\/amatibox.com\/?s={search_term_string}\"},\"query-input\":{\"@type\":\"PropertyValueSpecification\",\"valueRequired\":true,\"valueName\":\"search_term_string\"}}],\"inLanguage\":\"en-US\"},{\"@type\":\"Organization\",\"@id\":\"https:\/\/amatibox.com\/#organization\",\"name\":\"AMATI BOX\",\"url\":\"https:\/\/amatibox.com\/\",\"logo\":{\"@type\":\"ImageObject\",\"inLanguage\":\"en-US\",\"@id\":\"https:\/\/amatibox.com\/#\/schema\/logo\/image\/\",\"url\":\"https:\/\/i0.wp.com\/amatibox.com\/wp-content\/uploads\/2019\/03\/AMATIBOXLOGO-pjbhklaf23oiwcd8s8kocbvzv2u3fj4n6kj6q5nwgg.png?fit=1000%2C1000&ssl=1\",\"contentUrl\":\"https:\/\/i0.wp.com\/amatibox.com\/wp-content\/uploads\/2019\/03\/AMATIBOXLOGO-pjbhklaf23oiwcd8s8kocbvzv2u3fj4n6kj6q5nwgg.png?fit=1000%2C1000&ssl=1\",\"width\":1000,\"height\":1000,\"caption\":\"AMATI BOX\"},\"image\":{\"@id\":\"https:\/\/amatibox.com\/#\/schema\/logo\/image\/\"}}]}<\/script>\n<!-- \/ Yoast SEO plugin. -->","yoast_head_json":{"title":"FAQ\u00b4s - AMATI BOX","robots":{"index":"index","follow":"follow","max-snippet":"max-snippet:-1","max-image-preview":"max-image-preview:large","max-video-preview":"max-video-preview:-1"},"canonical":"https:\/\/amatibox.com\/en\/faqs\/","og_locale":"en_US","og_type":"article","og_title":"FAQ\u00b4s - AMATI BOX","og_description":"SERVICIO DE CATERING EN CAJAS PREMIUM Preguntas frecuentes AMATI box \u00bfQu\u00e9 tipo de servicio ofrecen? En AMATI ofrecemos experiencias gourmet a trav\u00e9s un servicio de box premium para tus eventos. Nuestro cat\u00e1logo de productos incluye una amplia gama de productos, todos en cajas biodegradables de cart\u00f3n premium, para Desayuno Comida Box de regalo Coffee break [&hellip;]","og_url":"https:\/\/amatibox.com\/en\/faqs\/","og_site_name":"AMATI BOX","article_modified_time":"2024-07-12T20:08:21+00:00","twitter_card":"summary_large_image","twitter_misc":{"Est. reading time":"4 minutes"},"schema":{"@context":"https:\/\/schema.org","@graph":[{"@type":"WebPage","@id":"https:\/\/amatibox.com\/faqs\/","url":"https:\/\/amatibox.com\/faqs\/","name":"FAQ\u00b4s - AMATI BOX","isPartOf":{"@id":"https:\/\/amatibox.com\/#website"},"datePublished":"2021-06-17T02:56:26+00:00","dateModified":"2024-07-12T20:08:21+00:00","breadcrumb":{"@id":"https:\/\/amatibox.com\/faqs\/#breadcrumb"},"inLanguage":"en-US","potentialAction":[{"@type":"ReadAction","target":["https:\/\/amatibox.com\/faqs\/"]}]},{"@type":"BreadcrumbList","@id":"https:\/\/amatibox.com\/faqs\/#breadcrumb","itemListElement":[{"@type":"ListItem","position":1,"name":"Portada","item":"https:\/\/amatibox.com\/"},{"@type":"ListItem","position":2,"name":"FAQ\u00b4s"}]},{"@type":"WebSite","@id":"https:\/\/amatibox.com\/#website","url":"https:\/\/amatibox.com\/","name":"AMATI BOX","description":"Servicio de Box Lunch para corporativos","publisher":{"@id":"https:\/\/amatibox.com\/#organization"},"potentialAction":[{"@type":"SearchAction","target":{"@type":"EntryPoint","urlTemplate":"https:\/\/amatibox.com\/?s={search_term_string}"},"query-input":{"@type":"PropertyValueSpecification","valueRequired":true,"valueName":"search_term_string"}}],"inLanguage":"en-US"},{"@type":"Organization","@id":"https:\/\/amatibox.com\/#organization","name":"AMATI BOX","url":"https:\/\/amatibox.com\/","logo":{"@type":"ImageObject","inLanguage":"en-US","@id":"https:\/\/amatibox.com\/#\/schema\/logo\/image\/","url":"https:\/\/i0.wp.com\/amatibox.com\/wp-content\/uploads\/2019\/03\/AMATIBOXLOGO-pjbhklaf23oiwcd8s8kocbvzv2u3fj4n6kj6q5nwgg.png?fit=1000%2C1000&ssl=1","contentUrl":"https:\/\/i0.wp.com\/amatibox.com\/wp-content\/uploads\/2019\/03\/AMATIBOXLOGO-pjbhklaf23oiwcd8s8kocbvzv2u3fj4n6kj6q5nwgg.png?fit=1000%2C1000&ssl=1","width":1000,"height":1000,"caption":"AMATI BOX"},"image":{"@id":"https:\/\/amatibox.com\/#\/schema\/logo\/image\/"}}]}},"jetpack_sharing_enabled":true,"_links":{"self":[{"href":"https:\/\/amatibox.com\/en\/wp-json\/wp\/v2\/pages\/110","targetHints":{"allow":["GET"]}}],"collection":[{"href":"https:\/\/amatibox.com\/en\/wp-json\/wp\/v2\/pages"}],"about":[{"href":"https:\/\/amatibox.com\/en\/wp-json\/wp\/v2\/types\/page"}],"author":[{"embeddable":true,"href":"https:\/\/amatibox.com\/en\/wp-json\/wp\/v2\/users\/8"}],"replies":[{"embeddable":true,"href":"https:\/\/amatibox.com\/en\/wp-json\/wp\/v2\/comments?post=110"}],"version-history":[{"count":12,"href":"https:\/\/amatibox.com\/en\/wp-json\/wp\/v2\/pages\/110\/revisions"}],"predecessor-version":[{"id":5090,"href":"https:\/\/amatibox.com\/en\/wp-json\/wp\/v2\/pages\/110\/revisions\/5090"}],"wp:attachment":[{"href":"https:\/\/amatibox.com\/en\/wp-json\/wp\/v2\/media?parent=110"}],"curies":[{"name":"wp","href":"https:\/\/api.w.org\/{rel}","templated":true}]}}