{"id":1051,"date":"2022-04-05T14:01:06","date_gmt":"2022-04-05T19:01:06","guid":{"rendered":"https:\/\/amatibox.com\/?page_id=1051"},"modified":"2022-08-18T20:33:00","modified_gmt":"2022-08-19T01:33:00","slug":"lunchbreak","status":"publish","type":"page","link":"https:\/\/amatibox.com\/en\/lunchbreak\/","title":{"rendered":"Cat\u00e1logo Lunch Break"},"content":{"rendered":"\t\t<div data-elementor-type=\"wp-page\" data-elementor-id=\"1051\" class=\"elementor elementor-1051\" data-elementor-post-type=\"page\">\n\t\t\t\t\t\t<section class=\"elementor-section elementor-top-section elementor-element elementor-element-dbfdff3 elementor-section-height-min-height elementor-section-boxed elementor-section-height-default elementor-section-items-middle\" data-id=\"dbfdff3\" data-element_type=\"section\" data-e-type=\"section\" data-settings=\"{&quot;jet_parallax_layout_list&quot;:[{&quot;jet_parallax_layout_image&quot;:{&quot;url&quot;:&quot;&quot;,&quot;id&quot;:&quot;&quot;,&quot;size&quot;:&quot;&quot;},&quot;_id&quot;:&quot;1e2b002&quot;,&quot;jet_parallax_layout_speed&quot;:{&quot;unit&quot;:&quot;%&quot;,&quot;size&quot;:&quot;50&quot;,&quot;sizes&quot;:[]},&quot;jet_parallax_layout_bg_x&quot;:&quot;50&quot;,&quot;jet_parallax_layout_bg_y&quot;:&quot;50&quot;,&quot;jet_parallax_layout_image_tablet&quot;:{&quot;url&quot;:&quot;&quot;,&quot;id&quot;:&quot;&quot;,&quot;size&quot;:&quot;&quot;},&quot;jet_parallax_layout_image_mobile&quot;:{&quot;url&quot;:&quot;&quot;,&quot;id&quot;:&quot;&quot;,&quot;size&quot;:&quot;&quot;},&quot;jet_parallax_layout_type&quot;:&quot;scroll&quot;,&quot;jet_parallax_layout_direction&quot;:&quot;1&quot;,&quot;jet_parallax_layout_fx_direction&quot;:null,&quot;jet_parallax_layout_z_index&quot;:&quot;&quot;,&quot;jet_parallax_layout_bg_x_tablet&quot;:&quot;&quot;,&quot;jet_parallax_layout_bg_x_mobile&quot;:&quot;&quot;,&quot;jet_parallax_layout_bg_y_tablet&quot;:&quot;&quot;,&quot;jet_parallax_layout_bg_y_mobile&quot;:&quot;&quot;,&quot;jet_parallax_layout_bg_size&quot;:&quot;auto&quot;,&quot;jet_parallax_layout_bg_size_tablet&quot;:&quot;&quot;,&quot;jet_parallax_layout_bg_size_mobile&quot;:&quot;&quot;,&quot;jet_parallax_layout_animation_prop&quot;:&quot;transform&quot;,&quot;jet_parallax_layout_on&quot;:[&quot;desktop&quot;,&quot;tablet&quot;]}],&quot;background_background&quot;:&quot;classic&quot;}\">\n\t\t\t\t\t\t\t<div class=\"elementor-background-overlay\"><\/div>\n\t\t\t\t\t\t\t<div class=\"elementor-container elementor-column-gap-no\">\n\t\t\t\t\t<div class=\"elementor-column elementor-col-100 elementor-top-column elementor-element elementor-element-46b2daa\" data-id=\"46b2daa\" data-element_type=\"column\" data-e-type=\"column\">\n\t\t\t<div class=\"elementor-widget-wrap elementor-element-populated\">\n\t\t\t\t\t\t<div class=\"elementor-element elementor-element-bb97d84 elementor-widget elementor-widget-spacer\" data-id=\"bb97d84\" data-element_type=\"widget\" data-e-type=\"widget\" data-widget_type=\"spacer.default\">\n\t\t\t\t<div class=\"elementor-widget-container\">\n\t\t\t\t\t\t\t<div class=\"elementor-spacer\">\n\t\t\t<div class=\"elementor-spacer-inner\"><\/div>\n\t\t<\/div>\n\t\t\t\t\t\t<\/div>\n\t\t\t\t<\/div>\n\t\t\t\t<div class=\"elementor-element elementor-element-67c6a73 elementor-widget elementor-widget-heading\" data-id=\"67c6a73\" data-element_type=\"widget\" data-e-type=\"widget\" data-widget_type=\"heading.default\">\n\t\t\t\t<div class=\"elementor-widget-container\">\n\t\t\t\t\t<h1 class=\"elementor-heading-title elementor-size-default\">SERVICIO DE LUNCH BREAK<br>\n<\/h1>\t\t\t\t<\/div>\n\t\t\t\t<\/div>\n\t\t\t\t<div class=\"elementor-element elementor-element-2dc97fe elementor-widget elementor-widget-heading\" data-id=\"2dc97fe\" data-element_type=\"widget\" data-e-type=\"widget\" data-widget_type=\"heading.default\">\n\t\t\t\t<div class=\"elementor-widget-container\">\n\t\t\t\t\t<h2 class=\"elementor-heading-title elementor-size-default\"><a href=\"https:\/\/amatibox.com\/wp-content\/uploads\/2022\/04\/Cata\u0301logo-2022-Lunch-break.pdf\" target=\"_blank\" download=\"\">Cat\u00e1logo 2022<\/a><\/h2>\t\t\t\t<\/div>\n\t\t\t\t<\/div>\n\t\t\t\t<div class=\"elementor-element elementor-element-f53ead2 elementor-align-center elementor-widget elementor-widget-button\" data-id=\"f53ead2\" data-element_type=\"widget\" data-e-type=\"widget\" data-widget_type=\"button.default\">\n\t\t\t\t<div class=\"elementor-widget-container\">\n\t\t\t\t\t\t\t\t\t<div class=\"elementor-button-wrapper\">\n\t\t\t\t\t<a class=\"elementor-button elementor-button-link elementor-size-md\" href=\"https:\/\/amatibox.com\/wp-content\/uploads\/2022\/08\/Catalogo-Lunch-break-AMATIbox-2022.pdf\" target=\"_blank\">\n\t\t\t\t\t\t<span class=\"elementor-button-content-wrapper\">\n\t\t\t\t\t\t\t\t\t<span class=\"elementor-button-text\">Descargar cat\u00e1logo<\/span>\n\t\t\t\t\t<\/span>\n\t\t\t\t\t<\/a>\n\t\t\t\t<\/div>\n\t\t\t\t\t\t\t\t<\/div>\n\t\t\t\t<\/div>\n\t\t\t\t\t<\/div>\n\t\t<\/div>\n\t\t\t\t\t<\/div>\n\t\t<\/section>\n\t\t\t\t<section class=\"elementor-section elementor-top-section elementor-element elementor-element-2be7613b elementor-section-boxed elementor-section-height-default elementor-section-height-default\" data-id=\"2be7613b\" data-element_type=\"section\" data-e-type=\"section\" data-settings=\"{&quot;jet_parallax_layout_list&quot;:[{&quot;jet_parallax_layout_image&quot;:{&quot;url&quot;:&quot;&quot;,&quot;id&quot;:&quot;&quot;,&quot;size&quot;:&quot;&quot;},&quot;_id&quot;:&quot;2a521cd&quot;,&quot;jet_parallax_layout_image_tablet&quot;:{&quot;url&quot;:&quot;&quot;,&quot;id&quot;:&quot;&quot;,&quot;size&quot;:&quot;&quot;},&quot;jet_parallax_layout_image_mobile&quot;:{&quot;url&quot;:&quot;&quot;,&quot;id&quot;:&quot;&quot;,&quot;size&quot;:&quot;&quot;},&quot;jet_parallax_layout_speed&quot;:{&quot;unit&quot;:&quot;%&quot;,&quot;size&quot;:50,&quot;sizes&quot;:[]},&quot;jet_parallax_layout_type&quot;:&quot;scroll&quot;,&quot;jet_parallax_layout_direction&quot;:&quot;1&quot;,&quot;jet_parallax_layout_fx_direction&quot;:null,&quot;jet_parallax_layout_z_index&quot;:&quot;&quot;,&quot;jet_parallax_layout_bg_x&quot;:50,&quot;jet_parallax_layout_bg_x_tablet&quot;:&quot;&quot;,&quot;jet_parallax_layout_bg_x_mobile&quot;:&quot;&quot;,&quot;jet_parallax_layout_bg_y&quot;:50,&quot;jet_parallax_layout_bg_y_tablet&quot;:&quot;&quot;,&quot;jet_parallax_layout_bg_y_mobile&quot;:&quot;&quot;,&quot;jet_parallax_layout_bg_size&quot;:&quot;auto&quot;,&quot;jet_parallax_layout_bg_size_tablet&quot;:&quot;&quot;,&quot;jet_parallax_layout_bg_size_mobile&quot;:&quot;&quot;,&quot;jet_parallax_layout_animation_prop&quot;:&quot;transform&quot;,&quot;jet_parallax_layout_on&quot;:[&quot;desktop&quot;,&quot;tablet&quot;]}]}\">\n\t\t\t\t\t\t<div class=\"elementor-container elementor-column-gap-default\">\n\t\t\t\t\t<div class=\"elementor-column elementor-col-100 elementor-top-column elementor-element elementor-element-463d05b\" data-id=\"463d05b\" data-element_type=\"column\" data-e-type=\"column\">\n\t\t\t<div class=\"elementor-widget-wrap elementor-element-populated\">\n\t\t\t\t\t\t<div class=\"elementor-element elementor-element-4a6f1a74 elementor-widget elementor-widget-shortcode\" data-id=\"4a6f1a74\" data-element_type=\"widget\" data-e-type=\"widget\" data-widget_type=\"shortcode.default\">\n\t\t\t\t<div class=\"elementor-widget-container\">\n\t\t\t\t\t\t\t<div class=\"elementor-shortcode\"><div class=\"_3d-flip-book  fb3d-fullscreen-mode full-size\" data-id=\"1049\" data-mode=\"fullscreen\" data-title=\"false\" data-template=\"short-white-book-view\" data-lightbox=\"dark-shadow\" data-urlparam=\"fb3d-page\" data-page-n=\"0\" data-pdf=\"\" data-tax=\"null\" data-thumbnail=\"\" data-cols=\"3\" data-book-template=\"default\" data-trigger=\"\"><\/div><script type=\"text\/javascript\">window.FB3D_CLIENT_DATA = window.FB3D_CLIENT_DATA || [];FB3D_CLIENT_DATA.push('eyJwb3N0cyI6W10sInBhZ2VzIjpbXSwiZmlyc3RQYWdlcyI6W119');window.FB3D_CLIENT_LOCALE && FB3D_CLIENT_LOCALE.render && FB3D_CLIENT_LOCALE.render();<\/script><\/div>\n\t\t\t\t\t\t<\/div>\n\t\t\t\t<\/div>\n\t\t\t\t\t<\/div>\n\t\t<\/div>\n\t\t\t\t\t<\/div>\n\t\t<\/section>\n\t\t\t\t<\/div>\n\t\t","protected":false},"excerpt":{"rendered":"<p>SERVICIO DE LUNCH BREAK Cat\u00e1logo 2022 Descargar cat\u00e1logo<\/p>","protected":false},"author":1,"featured_media":0,"parent":0,"menu_order":0,"comment_status":"closed","ping_status":"closed","template":"elementor_header_footer","meta":{"_acf_changed":false,"footnotes":""},"class_list":["post-1051","page","type-page","status-publish","hentry"],"acf":[],"yoast_head":"<!-- This site is optimized with the Yoast SEO plugin v27.1.1 - https:\/\/yoast.com\/product\/yoast-seo-wordpress\/ -->\n<title>Cat\u00e1logo Lunch Break - AMATI BOX<\/title>\n<meta name=\"robots\" content=\"index, follow, max-snippet:-1, max-image-preview:large, max-video-preview:-1\" \/>\n<link rel=\"canonical\" href=\"https:\/\/amatibox.com\/en\/lunchbreak\/\" \/>\n<meta property=\"og:locale\" content=\"en_US\" \/>\n<meta property=\"og:type\" content=\"article\" \/>\n<meta property=\"og:title\" content=\"Cat\u00e1logo Lunch Break - AMATI BOX\" \/>\n<meta property=\"og:description\" content=\"SERVICIO DE LUNCH BREAK Cat\u00e1logo 2022 Descargar cat\u00e1logo\" \/>\n<meta property=\"og:url\" content=\"https:\/\/amatibox.com\/en\/lunchbreak\/\" \/>\n<meta property=\"og:site_name\" content=\"AMATI BOX\" \/>\n<meta property=\"article:modified_time\" content=\"2022-08-19T01:33:00+00:00\" \/>\n<meta name=\"twitter:card\" content=\"summary_large_image\" \/>\n<meta name=\"twitter:label1\" content=\"Est. reading time\" \/>\n\t<meta name=\"twitter:data1\" content=\"1 minute\" \/>\n<script type=\"application\/ld+json\" class=\"yoast-schema-graph\">{\"@context\":\"https:\/\/schema.org\",\"@graph\":[{\"@type\":\"WebPage\",\"@id\":\"https:\/\/amatibox.com\/lunchbreak\/\",\"url\":\"https:\/\/amatibox.com\/lunchbreak\/\",\"name\":\"Cat\u00e1logo Lunch Break - AMATI BOX\",\"isPartOf\":{\"@id\":\"https:\/\/amatibox.com\/#website\"},\"datePublished\":\"2022-04-05T19:01:06+00:00\",\"dateModified\":\"2022-08-19T01:33:00+00:00\",\"breadcrumb\":{\"@id\":\"https:\/\/amatibox.com\/lunchbreak\/#breadcrumb\"},\"inLanguage\":\"en-US\",\"potentialAction\":[{\"@type\":\"ReadAction\",\"target\":[\"https:\/\/amatibox.com\/lunchbreak\/\"]}]},{\"@type\":\"BreadcrumbList\",\"@id\":\"https:\/\/amatibox.com\/lunchbreak\/#breadcrumb\",\"itemListElement\":[{\"@type\":\"ListItem\",\"position\":1,\"name\":\"Portada\",\"item\":\"https:\/\/amatibox.com\/\"},{\"@type\":\"ListItem\",\"position\":2,\"name\":\"Cat\u00e1logo Lunch Break\"}]},{\"@type\":\"WebSite\",\"@id\":\"https:\/\/amatibox.com\/#website\",\"url\":\"https:\/\/amatibox.com\/\",\"name\":\"AMATI BOX\",\"description\":\"Servicio de Box Lunch para corporativos\",\"publisher\":{\"@id\":\"https:\/\/amatibox.com\/#organization\"},\"potentialAction\":[{\"@type\":\"SearchAction\",\"target\":{\"@type\":\"EntryPoint\",\"urlTemplate\":\"https:\/\/amatibox.com\/?s={search_term_string}\"},\"query-input\":{\"@type\":\"PropertyValueSpecification\",\"valueRequired\":true,\"valueName\":\"search_term_string\"}}],\"inLanguage\":\"en-US\"},{\"@type\":\"Organization\",\"@id\":\"https:\/\/amatibox.com\/#organization\",\"name\":\"AMATI BOX\",\"url\":\"https:\/\/amatibox.com\/\",\"logo\":{\"@type\":\"ImageObject\",\"inLanguage\":\"en-US\",\"@id\":\"https:\/\/amatibox.com\/#\/schema\/logo\/image\/\",\"url\":\"https:\/\/i0.wp.com\/amatibox.com\/wp-content\/uploads\/2019\/03\/AMATIBOXLOGO-pjbhklaf23oiwcd8s8kocbvzv2u3fj4n6kj6q5nwgg.png?fit=1000%2C1000&ssl=1\",\"contentUrl\":\"https:\/\/i0.wp.com\/amatibox.com\/wp-content\/uploads\/2019\/03\/AMATIBOXLOGO-pjbhklaf23oiwcd8s8kocbvzv2u3fj4n6kj6q5nwgg.png?fit=1000%2C1000&ssl=1\",\"width\":1000,\"height\":1000,\"caption\":\"AMATI BOX\"},\"image\":{\"@id\":\"https:\/\/amatibox.com\/#\/schema\/logo\/image\/\"}}]}<\/script>\n<!-- \/ Yoast SEO plugin. -->","yoast_head_json":{"title":"Cat\u00e1logo Lunch Break - AMATI BOX","robots":{"index":"index","follow":"follow","max-snippet":"max-snippet:-1","max-image-preview":"max-image-preview:large","max-video-preview":"max-video-preview:-1"},"canonical":"https:\/\/amatibox.com\/en\/lunchbreak\/","og_locale":"en_US","og_type":"article","og_title":"Cat\u00e1logo Lunch Break - AMATI BOX","og_description":"SERVICIO DE LUNCH BREAK Cat\u00e1logo 2022 Descargar cat\u00e1logo","og_url":"https:\/\/amatibox.com\/en\/lunchbreak\/","og_site_name":"AMATI BOX","article_modified_time":"2022-08-19T01:33:00+00:00","twitter_card":"summary_large_image","twitter_misc":{"Est. reading time":"1 minute"},"schema":{"@context":"https:\/\/schema.org","@graph":[{"@type":"WebPage","@id":"https:\/\/amatibox.com\/lunchbreak\/","url":"https:\/\/amatibox.com\/lunchbreak\/","name":"Cat\u00e1logo Lunch Break - AMATI BOX","isPartOf":{"@id":"https:\/\/amatibox.com\/#website"},"datePublished":"2022-04-05T19:01:06+00:00","dateModified":"2022-08-19T01:33:00+00:00","breadcrumb":{"@id":"https:\/\/amatibox.com\/lunchbreak\/#breadcrumb"},"inLanguage":"en-US","potentialAction":[{"@type":"ReadAction","target":["https:\/\/amatibox.com\/lunchbreak\/"]}]},{"@type":"BreadcrumbList","@id":"https:\/\/amatibox.com\/lunchbreak\/#breadcrumb","itemListElement":[{"@type":"ListItem","position":1,"name":"Portada","item":"https:\/\/amatibox.com\/"},{"@type":"ListItem","position":2,"name":"Cat\u00e1logo Lunch Break"}]},{"@type":"WebSite","@id":"https:\/\/amatibox.com\/#website","url":"https:\/\/amatibox.com\/","name":"AMATI BOX","description":"Servicio de Box Lunch para corporativos","publisher":{"@id":"https:\/\/amatibox.com\/#organization"},"potentialAction":[{"@type":"SearchAction","target":{"@type":"EntryPoint","urlTemplate":"https:\/\/amatibox.com\/?s={search_term_string}"},"query-input":{"@type":"PropertyValueSpecification","valueRequired":true,"valueName":"search_term_string"}}],"inLanguage":"en-US"},{"@type":"Organization","@id":"https:\/\/amatibox.com\/#organization","name":"AMATI BOX","url":"https:\/\/amatibox.com\/","logo":{"@type":"ImageObject","inLanguage":"en-US","@id":"https:\/\/amatibox.com\/#\/schema\/logo\/image\/","url":"https:\/\/i0.wp.com\/amatibox.com\/wp-content\/uploads\/2019\/03\/AMATIBOXLOGO-pjbhklaf23oiwcd8s8kocbvzv2u3fj4n6kj6q5nwgg.png?fit=1000%2C1000&ssl=1","contentUrl":"https:\/\/i0.wp.com\/amatibox.com\/wp-content\/uploads\/2019\/03\/AMATIBOXLOGO-pjbhklaf23oiwcd8s8kocbvzv2u3fj4n6kj6q5nwgg.png?fit=1000%2C1000&ssl=1","width":1000,"height":1000,"caption":"AMATI BOX"},"image":{"@id":"https:\/\/amatibox.com\/#\/schema\/logo\/image\/"}}]}},"jetpack_sharing_enabled":true,"_links":{"self":[{"href":"https:\/\/amatibox.com\/en\/wp-json\/wp\/v2\/pages\/1051","targetHints":{"allow":["GET"]}}],"collection":[{"href":"https:\/\/amatibox.com\/en\/wp-json\/wp\/v2\/pages"}],"about":[{"href":"https:\/\/amatibox.com\/en\/wp-json\/wp\/v2\/types\/page"}],"author":[{"embeddable":true,"href":"https:\/\/amatibox.com\/en\/wp-json\/wp\/v2\/users\/1"}],"replies":[{"embeddable":true,"href":"https:\/\/amatibox.com\/en\/wp-json\/wp\/v2\/comments?post=1051"}],"version-history":[{"count":0,"href":"https:\/\/amatibox.com\/en\/wp-json\/wp\/v2\/pages\/1051\/revisions"}],"wp:attachment":[{"href":"https:\/\/amatibox.com\/en\/wp-json\/wp\/v2\/media?parent=1051"}],"curies":[{"name":"wp","href":"https:\/\/api.w.org\/{rel}","templated":true}]}}